{"id":272,"date":"2020-12-04T19:17:38","date_gmt":"2020-12-04T19:17:38","guid":{"rendered":"https:\/\/couvreurvaudreuil.com\/image-gallery\/"},"modified":"2025-09-17T19:27:24","modified_gmt":"2025-09-17T19:27:24","slug":"image-gallery","status":"publish","type":"page","link":"https:\/\/couvreurvaudreuil.com\/en\/image-gallery\/","title":{"rendered":"IMAGE GALLERY"},"content":{"rendered":"\n<h1>\n\t\t\tIMAGE GALLERY\t<\/h1>\n\t\t\t\t<img decoding=\"async\" src=\"https:\/\/couvreurvaudreuil.com\/wp-content\/uploads\/2020\/12\/logo-2020-mini_groupe-dp-couvreurs.png\" alt=\"logo-2020-mini_groupe-dp-couvreurs\" itemprop=\"image\" height=\"150\" width=\"431\" title=\"logo-2020-mini_groupe-dp-couvreurs\" onerror=\"this.style.display='none'\" loading=\"lazy\" \/>\n<h4>\n\t\t\tOur contact details\t<\/h4>\n\t6210, rue des H\u00eatres<br \/>\nVaudreuil-Dorion, Quebec<br \/>\nJ7V 0K2\n<p><a href=\"tel:+15146865889\"><strong>514 686-5889<\/strong><\/a><\/p>\nRBQ License #5717-8725-01<br \/>\nComplete insurance\n<h4>\n\t\t\tOur offered services\t<\/h4>\n<h4>\n\t\t\tCities served\t<\/h4>\n\t\u00cele-Perrot<br \/>\nNotre-Dame-de-l&#8217;\u00cele-Perrot<br \/>\nPincourt<br \/>\nVaudreuil-Dorion<br \/>\nHudson<br \/>\nRigaud<br \/>\nPointe-Fortune<br \/>\nSaint-Lazare<br \/>\nLes C\u00e8dres\n\tSt-Clet<br \/>\nSt-Polycarpe<br \/>\nSt-T\u00e9lesphore<br \/>\nRivi\u00e8re-Beaudette<br \/>\nSaint-Zotique<br \/>\nLes Coteaux<br \/>\nCoteau-du-Lac<br \/>\nPointe-des-Cascades<br \/>\nSalaberry-de-Valleyfield\n\t\t\t\t<a href=\"https:\/\/www.apchq.com\/\"  target=\"_blank\" rel=\"noopener\"  itemprop=\"url\">\n\t\t\t\t<img decoding=\"async\" src=\"https:\/\/couvreurvaudreuil.com\/wp-content\/uploads\/2020\/12\/logo-apchq-groupe-dp-couvreurs.png\" alt=\"logo-apchq-groupe-dp-couvreurs\" itemprop=\"image\" height=\"162\" width=\"300\" title=\"logo-apchq-groupe-dp-couvreurs\" onerror=\"this.style.display='none'\" loading=\"lazy\" \/>\n\t\t\t\t<\/a>\n\t\t\t\t<a href=\"https:\/\/www.ccq.org\/\"  target=\"_blank\" rel=\"noopener\"  itemprop=\"url\">\n\t\t\t\t<img decoding=\"async\" src=\"https:\/\/couvreurvaudreuil.com\/wp-content\/uploads\/2020\/12\/logo_ccq-groupe-dp-couvreurs.png\" alt=\"logo_ccq-groupe-dp-couvreurs\" itemprop=\"image\" height=\"317\" width=\"1044\" title=\"logo_ccq-groupe-dp-couvreurs\" onerror=\"this.style.display='none'\" loading=\"lazy\" \/>\n\t\t\t\t<\/a>\n\t\t\t\t<a href=\"https:\/\/bpcan.com\/fr\/\"  target=\"_blank\" rel=\"noopener\"  itemprop=\"url\">\n\t\t\t\t<img decoding=\"async\" src=\"https:\/\/couvreurvaudreuil.com\/wp-content\/uploads\/2020\/12\/logo-bp-canada-groupe-dp-couvreurs.png\" alt=\"logo-bp-canada-groupe-dp-couvreurs\" itemprop=\"image\" height=\"517\" width=\"1404\" title=\"logo-bp-canada-groupe-dp-couvreurs\" onerror=\"this.style.display='none'\" loading=\"lazy\" \/>\n\t\t\t\t<\/a>\n\t\t\t\t<a href=\"https:\/\/ventilation-maximum.com\/\"  target=\"_blank\" rel=\"noopener\"  itemprop=\"url\">\n\t\t\t\t<img decoding=\"async\" src=\"https:\/\/couvreurvaudreuil.com\/wp-content\/uploads\/2020\/12\/logo-ventilation-maximum-groupe-dp-couvreurs.png\" alt=\"logo-ventilation-maximum-groupe-dp-couvreurs\" itemprop=\"image\" height=\"125\" width=\"249\" title=\"logo-ventilation-maximum-groupe-dp-couvreurs\" onerror=\"this.style.display='none'\" loading=\"lazy\" \/>\n\t\t\t\t<\/a>\n\n","protected":false},"excerpt":{"rendered":"<p>IMAGE GALLERY Our contact details 6210, rue des H\u00eatres Vaudreuil-Dorion, Quebec J7V 0K2 514 686-5889 RBQ License #5717-8725-01 Complete insurance Our offered services Cities served \u00cele-Perrot Notre-Dame-de-l&#8217;\u00cele-Perrot Pincourt Vaudreuil-Dorion Hudson Rigaud Pointe-Fortune Saint-Lazare Les C\u00e8dres St-Clet St-Polycarpe St-T\u00e9lesphore Rivi\u00e8re-Beaudette Saint-Zotique Les Coteaux Coteau-du-Lac Pointe-des-Cascades Salaberry-de-Valleyfield<\/p>\n","protected":false},"author":1,"featured_media":0,"parent":0,"menu_order":0,"comment_status":"closed","ping_status":"closed","template":"","meta":{"footnotes":""},"class_list":["post-272","page","type-page","status-publish","hentry"],"_links":{"self":[{"href":"https:\/\/couvreurvaudreuil.com\/en\/wp-json\/wp\/v2\/pages\/272","targetHints":{"allow":["GET"]}}],"collection":[{"href":"https:\/\/couvreurvaudreuil.com\/en\/wp-json\/wp\/v2\/pages"}],"about":[{"href":"https:\/\/couvreurvaudreuil.com\/en\/wp-json\/wp\/v2\/types\/page"}],"author":[{"embeddable":true,"href":"https:\/\/couvreurvaudreuil.com\/en\/wp-json\/wp\/v2\/users\/1"}],"replies":[{"embeddable":true,"href":"https:\/\/couvreurvaudreuil.com\/en\/wp-json\/wp\/v2\/comments?post=272"}],"version-history":[{"count":1,"href":"https:\/\/couvreurvaudreuil.com\/en\/wp-json\/wp\/v2\/pages\/272\/revisions"}],"predecessor-version":[{"id":358,"href":"https:\/\/couvreurvaudreuil.com\/en\/wp-json\/wp\/v2\/pages\/272\/revisions\/358"}],"wp:attachment":[{"href":"https:\/\/couvreurvaudreuil.com\/en\/wp-json\/wp\/v2\/media?parent=272"}],"curies":[{"name":"wp","href":"https:\/\/api.w.org\/{rel}","templated":true}]}}